{"id":17,"date":"2024-09-23T15:42:59","date_gmt":"2024-09-23T13:42:59","guid":{"rendered":"http:\/\/preweb.modellflieger.info\/?page_id=17"},"modified":"2024-09-27T09:24:51","modified_gmt":"2024-09-27T07:24:51","slug":"verein","status":"publish","type":"page","link":"https:\/\/modellflieger.info\/index.php\/verein\/","title":{"rendered":"Verein"},"content":{"rendered":"\n<p>Unser Verein besteht derzeit aus 82 Mitgliedern (48 Aktive und 3 Jugendliche).<\/p>\n\n\n\n<p>Neben dem Fluggel\u00e4nde bei Niederbiegen\/F\u00f6hrenried wird eine Vereinswerkstadt in Ravensburg\/Weststatt in der Hochbergstra\u00dfe 66 unterhalten.<\/p>\n\n\n\n<p>Flugschulung von Anf\u00e4ngern kann nach telefonischer oder pers\u00f6nlicher Absprache geboten werden.<\/p>\n\n\n\n<p>Die Vereinswerkstatt ist au\u00dfer an Feiertagen jeweils&nbsp;mittwochs zwischen 18.00 und 20.00 Uhr ge\u00f6ffnet. Hier kann jeder sein eigenes Modellflugzeug unter fachkundiger Anleitung bauen.<\/p>\n\n\n\n<p>Interessenten f\u00fcr eine Mitgliedschaft k\u00f6nnen sich entweder auf dem Modellflugplatz, in der Vereinswerkstatt (Mittwochs) oder per Kontaktformular\/E-Mail melden.<\/p>\n\n\n\n<p><\/p>\n\n\n\n<p><\/p>\n","protected":false},"excerpt":{"rendered":"<p>Unser Verein besteht derzeit aus 82 Mitgliedern (48 Aktive und 3 Jugendliche). Neben dem Fluggel\u00e4nde bei Niederbiegen\/F\u00f6hrenried wird eine Vereinswerkstadt in Ravensburg\/Weststatt in der Hochbergstra\u00dfe 66 unterhalten. Flugschulung von Anf\u00e4ngern kann nach telefonischer oder pers\u00f6nlicher Absprache geboten werden. Die Vereinswerkstatt ist au\u00dfer an Feiertagen jeweils&nbsp;mittwochs zwischen 18.00 und 20.00 Uhr ge\u00f6ffnet. Hier kann jeder sein [&hellip;]<\/p>\n","protected":false},"author":1,"featured_media":0,"parent":0,"menu_order":4,"comment_status":"closed","ping_status":"closed","template":"","meta":{"footnotes":""},"class_list":["post-17","page","type-page","status-publish","hentry"],"_links":{"self":[{"href":"https:\/\/modellflieger.info\/index.php\/wp-json\/wp\/v2\/pages\/17","targetHints":{"allow":["GET"]}}],"collection":[{"href":"https:\/\/modellflieger.info\/index.php\/wp-json\/wp\/v2\/pages"}],"about":[{"href":"https:\/\/modellflieger.info\/index.php\/wp-json\/wp\/v2\/types\/page"}],"author":[{"embeddable":true,"href":"https:\/\/modellflieger.info\/index.php\/wp-json\/wp\/v2\/users\/1"}],"replies":[{"embeddable":true,"href":"https:\/\/modellflieger.info\/index.php\/wp-json\/wp\/v2\/comments?post=17"}],"version-history":[{"count":2,"href":"https:\/\/modellflieger.info\/index.php\/wp-json\/wp\/v2\/pages\/17\/revisions"}],"predecessor-version":[{"id":168,"href":"https:\/\/modellflieger.info\/index.php\/wp-json\/wp\/v2\/pages\/17\/revisions\/168"}],"wp:attachment":[{"href":"https:\/\/modellflieger.info\/index.php\/wp-json\/wp\/v2\/media?parent=17"}],"curies":[{"name":"wp","href":"https:\/\/api.w.org\/{rel}","templated":true}]}}