{"id":536,"date":"2024-10-02T13:44:32","date_gmt":"2024-10-02T11:44:32","guid":{"rendered":"https:\/\/preweb.modellflieger.info\/?page_id=536"},"modified":"2024-11-08T22:45:39","modified_gmt":"2024-11-08T21:45:39","slug":"fliegen","status":"publish","type":"page","link":"https:\/\/modellflieger.info\/index.php\/entdecken\/fliegen\/","title":{"rendered":"RC-Modellfliegen"},"content":{"rendered":"\n<p>Bevor man sich f\u00fcr das Hobby Modellflug entscheidet, sollte man sich selbstverst\u00e4ndlich auch \u00fcber die Voraussetzungen informieren. Hierzu m\u00f6chten wir einige Hinweise an Interessenten geben.<\/p>\n\n\n\n<p><strong>Zur Person (Altersbestimmungen)<br \/><\/strong>Die Altersfreigaben auf vom DMFV ausgewiesenen Modellfluggel\u00e4nden mit Aufstiegserlaubnis sind wie folgt:<\/p>\n\n\n\n<p>Startgewicht<br \/>0 \u2013 2 kg: Kein Mindestalter<br \/>2 \u2013 25 kg: 12 Jahre (ohne Aufsicht bei Alleinflugerlaubnis des Gel\u00e4ndehalters)<br \/>2 \u2013 25 kg: 7 Jahre (unter Aufsicht eines qualifizierten Fernpiloten)<\/p>\n\n\n\n<p>25 kg: 16 Jahre<\/p>\n\n\n\n<p><strong>Absicherung (Haftpflichtversicherung)<br \/><\/strong>Bei Nutzung unseres Flugplatzes ist der Nachweis \u00fcber eine bestehende Haftpflichtversicherung f\u00fcr Flugmodelle vorzulegen. Im Normalfall decken \u00fcbliche private Haftpflichtversicherungen das Risiko beim Modellflug nicht ab. Hier muss eine separate Haftpflichtversicherung, am besten beim DMFV direkt oder \u00fcber den Verein in Form einer Gruppenversicherung, abgeschlossen werden. Der Verein ist hier gerne bei den Formalit\u00e4ten behilflich.<\/p>\n\n\n\n<p><strong>Das eigene Modell<br \/><\/strong>Neben Flugmodellen in klassischer Holzbauweise werden heute Modelle unter Verwendung von diversen Kunststoffen, wie GFK (glasfaserverst\u00e4rkt), CFK (kohlefaserverst\u00e4rkt) und EPP\/EPO (Schaumstoff) hergestellt. Als erstes Modell f\u00fcr Anf\u00e4nger eignet sich am besten ein Schaum-Modell mit Elektroantrieb. Ein Schaum-Modell ist g\u00fcnstig, robust und kann notfalls mit relativ geringem Aufwand repariert werden.<\/p>\n\n\n\n<p><strong>Neu oder gebraucht?<br \/><\/strong>\u00dcber den Verein oder auf Modellbau-Flohm\u00e4rkten k\u00f6nnen immer wieder gute gebrauchte Flug-Modelle erworben werden; teils sogar als Komplett-Set. <br \/><strong><br \/>https:\/\/www.rc-flohmarkt.com\/<\/strong><\/p>\n\n\n\n<p>Wer sich vom Angebot vor Ort ein Bild machen m\u00f6chte, der besucht am besten einen Modellbau-Flohmarkt eines Vereins in unserer N\u00e4he. Die Veranstaltungen werden oft&nbsp; im Internet auf der Homepage des Vereins angezeigt. Einen \u00dcberblick \u00fcber die Veranstaltungen der Vereine im DMFV gibt es auf<br \/><br \/><strong>https:\/\/www.dmfv.aero\/news-medien\/termine\/<\/strong><br \/><\/p>\n\n\n\n<p>Hersteller haben spezielle Modelle f\u00fcr Anf\u00e4nger im Programm und geben oft einen Hinweis auf den Schwierigkeitsgrad zum Bau und zum Betrieb des Modells. Au\u00dferdem werden Flug-Modelle in verschiedenen Ausbaustufen angeboten, die meist als K\u00fcrzel angezeigt werden.<\/p>\n\n\n\n<p><strong>RTF<\/strong> \u201aRead To Fly\u2018<br \/>In dem fertigen Modell sind bereits Motor, Drehzahlregler, Servos, und Empf\u00e4nger montiert und der auch ein Sender wird mitgeliefert.&nbsp; \u00dcblich bei dieser Ausstattung sind au\u00dferdem ein passender Flug-Akku und ein entsprechendes Ladeger\u00e4t.<\/p>\n\n\n\n<p><strong>PNP<\/strong> \u201aPlug aNd Play\u2019<br \/>Bei dieser Modellvariante ist das fertige Modell ebenfalls mit Motor, Drehzahlregler und Servos ausgestattet, allerdings fehlen noch Empf\u00e4nger, Sender und Flug-Akku mit Ladeger\u00e4t.<\/p>\n\n\n\n<p><strong>&nbsp;<\/strong><strong>BNF <\/strong>\u201aBind aNd Fly\u2019<br \/>Wie der Name schon sagt, ist hier nur noch ein sog. \u201aBinden\u2018 von Empf\u00e4nger und Sender notwendig. Dazu ist im Modell bereits ein Empf\u00e4nger integriert und f\u00fcr die Einstellungen der Komponenten sind meist schon entsprechende Datens\u00e4tze verf\u00fcgbar. Ein BNF-Modell ben\u00f6tigt allerdings noch einen Sender und einen Flug-Akku mit Ladeger\u00e4t.<\/p>\n\n\n\n<p><strong>ARF <\/strong>\u201aAlmost Ready to Fly\u2019<\/p>\n\n\n\n<p>Bei der ARF-Variante wird normalerweise das teilweise montierte Modell mit den wesentlichen Komponenten geliefert; hierbei ist besonders auf den Lieferumfang zu achten. Au\u00dferdem erfordert das Modell bis zur Fertigstellung einiges an Eigenaufwand, und ist somit eher f\u00fcr&nbsp; Modellflieger geeignet, die schon Erfahrung im Modellbau mitbringen. Der Vorteil: etwas g\u00fcnstiger, da eigene Komponenten verbaut bzw. benutzt werden k\u00f6nnen.<\/p>\n\n\n\n<p><strong>KIT <\/strong>\u201aBausatz\u2019<\/p>\n\n\n\n<p>Beim Kit handelt es sich um einen Modellbausatz, der die wesentlichen Teile f\u00fcr Rumpf, Tragfl\u00e4chen, Leitwerk und ggf. Fahrwerk beinhalten. Diese Teile m\u00fcssen oftmals nachbehandelt werden und vom Modellbauer zusammengef\u00fcgt werden. Diese Arbeiten erfordern grundlegende Kenntnisse und F\u00e4higkeiten im Modellbau. Als Ergebnis steht das \u201anackte\u2018 Modell f\u00fcr den Einbau der elektrischen und elektronischen Komponenten zur Verf\u00fcgung. Diese Modellvariante ist nicht f\u00fcr Anf\u00e4nger zu empfehlen.<\/p>\n\n\n\n<p><strong>RR<\/strong> \u201aReady for Radio\u2018 (Multiplex)<\/p>\n\n\n\n<p>Der Hersteller Multiplex verwendet diese Bezeichnung anstelle der allgemeinen Bezeichnung \u201aPNP\u2018, also alles dabei au\u00dfer Empf\u00e4nger, Sender und Akku mit Ladeger\u00e4t.<\/p>\n\n\n\n<p><strong>RR+<\/strong> \u201aReady for Radio plus\u2018 (Multiplex)<\/p>\n\n\n\n<p>Der Hersteller Multiplex verwendet diese Bezeichnung f\u00fcr eine Variante, f\u00fcr die nur noch ein Multiplex-Sender erforderlich ist, also komplett mit Empf\u00e4nger und Flug-Akku.<\/p>\n\n\n\n<p><strong>BK<\/strong> \u201aBau-Kasten\u2018 (Multiplex)<\/p>\n\n\n\n<p>Der Hersteller Multiplex verwendet diese Bezeichnung anstelle der allgemeinen Bezeichnung \u201aKIT\u2018.<\/p>\n\n\n\n<p>Es gibt noch eine Reihe anderer Hersteller, die eigene Abk\u00fcrzungen f\u00fcr Ausstattungsvarianten haben, deren Erl\u00e4uterung an dieser Stelle zu weit f\u00fchren w\u00fcrde.<\/p>\n\n\n\n<p><strong>Ausstattung \/RC-Funktionen der Modelle:<br \/><\/strong>Einige Hersteller verwenden Abk\u00fcrzungen f\u00fcr die am Modell verf\u00fcgbaren RC-Funktionen. Daran kann der K\u00e4ufer erkennen, wieviel Kan\u00e4le am Sender und Empf\u00e4nger verf\u00fcgbar sein m\u00fcssen.<br \/><br \/>M &#8211; Motor<br \/>HR &#8211; H\u00f6henruder<br \/>SR &#8211; Seitenruder<br \/>QR &#8211; Querruder<br \/>LK &#8211; Landeklappen<br \/>WK &#8211; W\u00f6lbklappen<br \/>SK &#8211; St\u00f6rklappen<br \/>EZF &#8211; Einziehfahrwerk<br \/>u.a.<\/p>\n\n\n\n<p><strong>Der Erstflug<br \/><\/strong>Beim Erstflug sollte ein erfahrener Modell-Pilot zugegen sein, da oft noch Feinkorrekturen an der Trimmung des Modells erforderlich sind.&nbsp;<\/p>\n\n\n\n<p><strong>Lehrer \/ Sch\u00fcler Fliegen<\/strong><\/p>\n\n\n\n<p>Beim Lehrer\/Sch\u00fcler-Fliegen haben Lehrer und Sch\u00fcler jeweils eigene Fernsteuerungen bzw. eigene Sender. Diese beiden Sender sind entweder \u00fcber ein Kabel oder drahtlos miteinander verbunden. In der ersten Phase eines Fluges bringt der Lehrer das Flugzeug in die Luft und in sicherer H\u00f6he \u00fcbergibt er die Kontrolle des Modells (alle oder nur bestimmte Steuerfunktionen) an den Sch\u00fcler. Dieser kann im Rahmen der f\u00fcr ihn verf\u00fcgbaren Funktionen mit dem Flugmodell \u00fcben. Der Lehrer hat jederzeit die M\u00f6glichkeit, die Steuerung des Modells wieder zu \u00fcbernehmen. Lehrer\/Sch\u00fcler-Fliegen ist f\u00fcr den Sch\u00fcler weniger riskant und er kann so unter realistischen Bedingungen langsam an die Bedienung eines Flugmodells herangef\u00fchrt werden.<\/p>\n\n\n\n<p><strong>Erfahrung sammeln durch \u00dcbung<br \/><\/strong>Neben den \u00dcbungen auf dem Modellfluggel\u00e4nde kann man das Modellfliegen auch auf sog. Flugsimulatoren \u00fcben.&nbsp; F\u00fcr diese werden verschiedene Flug-Modelle bereitgestellt und fast alle erm\u00f6glichen die Verwendung des eigenen Senders.<\/p>\n\n\n\n<p><strong>Links:<\/strong>&nbsp;<br \/><strong><br \/>http:\/\/www.rc-modellflugzeug.de\/anfaenger.html<\/strong><\/p>\n\n\n\n<p><strong>https:\/\/www.modellfliegen.de\/<\/strong><\/p>\n\n\n\n<p><strong>https:\/\/www.itg-fotoflug.de\/rc-segelflugzeug\/<br \/><br \/>https:\/\/www.itg-fotoflug.de\/rtf-arf\/<br \/><br \/>https:\/\/www.dmfv.aero\/wp-content\/uploads\/2019\/11\/Gundlagenwissen-Modellflugsport.pdf<br \/><br \/>https:\/\/www.vth.de\/einstieg-in-den-flugmodellbau\/basiswissen\/erklaerung-von-modellbauueblichen-abkuerzungen<br \/><br \/>https:\/\/www.modellflugzeug-kaufen.de\/fernsteuerung-flugmodelle-2-4-ghz\/<\/strong><\/p>\n\n\n\n<p><strong>https:\/\/www.mfg-eudenbach.de\/infos-1\/modellflug-erlernen\/<br \/><\/strong><\/p>\n\n\n\n<p><\/p>\n\n\n\n<h2 class=\"wp-block-heading has-text-align-center\"><em>Merke:<br \/>Helikopter sind die K\u00f6nigsdisziplin im Modellflug. Bitte nicht gleich damit beginnen!<br \/><\/em><\/h2>\n\n\n\n<p><strong>Einweisungen\/Praxis<br \/><\/strong>Der Verein bietet j\u00e4hrlich f\u00fcr das Ferienprogramm der Stadt Ravensburg eine Einweisung in das Hobby \u201aModellflug\u2018 an, verbunden mit einem \u201aSchnupperfliegen\u2018. Hierbei werden sog. Lehrer\/Sch\u00fcler-Systeme und vereinseigene Modelle eingesetzt. Au\u00dferdem erhalten die Teilnehmer eine Kurzeinweisung in die flugplatzrelevanten Bestimmungen, wie Flugsektor, Aufstiegsgenehmigung und Verhaltensregeln am Platz.<\/p>\n\n\n\n<p>Au\u00dferhalb des Ferienprogramms bietet der Verein auf R\u00fcckfrage die M\u00f6glichkeit, \u00fcber das Hobby \u201aModellflug\u2018 zu informieren. Interessenten melden sich hierzu am besten beim Jugendwart des Vereins an.<\/p>\n\n\n\n<p><strong>Gesetzliche Vorschriften<br \/><\/strong>Keine Aktivit\u00e4ten in der \u00d6ffentlichkeit ohne gesetzliche Vorschriften. So sind von Modellfliegern auch in Deutschland und Europa gewisse Vorschriften einzuhalten. Wer sich intensiv mit den Restriktionen beim \u201aBetrieb unbemannter Luftfahrzeuge\u2018 auseinandersetzen m\u00f6chte, kann sich online beim DMFV oder dem Luftfahrt Bundesamt LBA dar\u00fcber informieren.<br \/><br \/><strong>https:\/\/www.dmfv.aero\/rund-ums-fliegen\/einfach-sicher-fliegen\/<\/strong><br \/><br \/><strong>https:\/\/www.lba.de\/DE\/Drohnen\/FAQ\/04_FAQ_Modellflug\/FAQ_node.html<\/strong><br \/><\/p>\n\n\n\n<p><strong>Mitglied werden bei der LSG Ravensburg<\/strong><\/p>\n\n\n\n<p><a href=\"https:\/\/preweb.modellflieger.info\/index.php\/entdecken\/mitglied-werden\/\" data-type=\"page\" data-id=\"542\">Mitglied werden<\/a><\/p>\n\n\n\n<figure class=\"wp-block-gallery has-nested-images columns-default is-cropped wp-block-gallery-1 is-layout-flex wp-block-gallery-is-layout-flex\">\n<figure class=\"wp-block-image size-large\"><img loading=\"lazy\" decoding=\"async\" width=\"992\" height=\"560\" data-id=\"870\" src=\"https:\/\/modellflieger.info\/wp-content\/uploads\/2024\/10\/IMG_20220611_181231.jpg\" alt=\"\" class=\"wp-image-870\" srcset=\"https:\/\/modellflieger.info\/wp-content\/uploads\/2024\/10\/IMG_20220611_181231.jpg 992w, https:\/\/modellflieger.info\/wp-content\/uploads\/2024\/10\/IMG_20220611_181231-300x169.jpg 300w, https:\/\/modellflieger.info\/wp-content\/uploads\/2024\/10\/IMG_20220611_181231-768x434.jpg 768w\" sizes=\"auto, (max-width: 992px) 100vw, 992px\" \/><\/figure>\n\n\n\n<figure class=\"wp-block-image size-large\"><img loading=\"lazy\" decoding=\"async\" width=\"1024\" height=\"769\" data-id=\"711\" src=\"https:\/\/modellflieger.info\/wp-content\/uploads\/2024\/10\/dsc04627-1024x769.jpg\" alt=\"\" class=\"wp-image-711\" srcset=\"https:\/\/modellflieger.info\/wp-content\/uploads\/2024\/10\/dsc04627-1024x769.jpg 1024w, https:\/\/modellflieger.info\/wp-content\/uploads\/2024\/10\/dsc04627-300x225.jpg 300w, https:\/\/modellflieger.info\/wp-content\/uploads\/2024\/10\/dsc04627-768x577.jpg 768w, https:\/\/modellflieger.info\/wp-content\/uploads\/2024\/10\/dsc04627.jpg 1200w\" sizes=\"auto, (max-width: 1024px) 100vw, 1024px\" \/><\/figure>\n\n\n\n<figure class=\"wp-block-image size-large\"><img loading=\"lazy\" decoding=\"async\" width=\"1024\" height=\"577\" data-id=\"650\" src=\"https:\/\/modellflieger.info\/wp-content\/uploads\/2024\/10\/8fce0cb0-f271-447f-a7bd-58522e20d9f9-1024x577.jpg\" alt=\"\" class=\"wp-image-650\" srcset=\"https:\/\/modellflieger.info\/wp-content\/uploads\/2024\/10\/8fce0cb0-f271-447f-a7bd-58522e20d9f9-1024x577.jpg 1024w, https:\/\/modellflieger.info\/wp-content\/uploads\/2024\/10\/8fce0cb0-f271-447f-a7bd-58522e20d9f9-300x169.jpg 300w\" sizes=\"auto, (max-width: 1024px) 100vw, 1024px\" \/><\/figure>\n\n\n\n<figure class=\"wp-block-image size-large\"><img loading=\"lazy\" decoding=\"async\" width=\"1024\" height=\"474\" data-id=\"646\" src=\"https:\/\/modellflieger.info\/wp-content\/uploads\/2024\/10\/44c2db9c-437a-44fa-a5a1-482422a6db8c-1024x474.jpg\" alt=\"\" class=\"wp-image-646\" srcset=\"https:\/\/modellflieger.info\/wp-content\/uploads\/2024\/10\/44c2db9c-437a-44fa-a5a1-482422a6db8c-1024x474.jpg 1024w, https:\/\/modellflieger.info\/wp-content\/uploads\/2024\/10\/44c2db9c-437a-44fa-a5a1-482422a6db8c-300x139.jpg 300w, https:\/\/modellflieger.info\/wp-content\/uploads\/2024\/10\/44c2db9c-437a-44fa-a5a1-482422a6db8c-768x355.jpg 768w, https:\/\/modellflieger.info\/wp-content\/uploads\/2024\/10\/44c2db9c-437a-44fa-a5a1-482422a6db8c-1536x710.jpg 1536w, https:\/\/modellflieger.info\/wp-content\/uploads\/2024\/10\/44c2db9c-437a-44fa-a5a1-482422a6db8c.jpg 2048w\" sizes=\"auto, (max-width: 1024px) 100vw, 1024px\" \/><\/figure>\n\n\n\n<figure class=\"wp-block-image size-large\"><img loading=\"lazy\" decoding=\"async\" width=\"2560\" height=\"1441\" data-id=\"648\" src=\"https:\/\/modellflieger.info\/wp-content\/uploads\/2024\/10\/6e374bd1-5b1a-47b9-a515-79aa84564e2e-2-scaled.jpg\" alt=\"\" class=\"wp-image-648\" srcset=\"https:\/\/modellflieger.info\/wp-content\/uploads\/2024\/10\/6e374bd1-5b1a-47b9-a515-79aa84564e2e-2-scaled.jpg 2560w, https:\/\/modellflieger.info\/wp-content\/uploads\/2024\/10\/6e374bd1-5b1a-47b9-a515-79aa84564e2e-2-300x169.jpg 300w\" sizes=\"auto, (max-width: 2560px) 100vw, 2560px\" \/><\/figure>\n\n\n\n<figure class=\"wp-block-image size-large\"><img loading=\"lazy\" decoding=\"async\" width=\"1024\" height=\"578\" data-id=\"587\" src=\"https:\/\/modellflieger.info\/wp-content\/uploads\/2024\/10\/IMG_20221019_150337-1024x578.jpg\" alt=\"\" class=\"wp-image-587\" srcset=\"https:\/\/modellflieger.info\/wp-content\/uploads\/2024\/10\/IMG_20221019_150337-1024x578.jpg 1024w, https:\/\/modellflieger.info\/wp-content\/uploads\/2024\/10\/IMG_20221019_150337-300x169.jpg 300w, https:\/\/modellflieger.info\/wp-content\/uploads\/2024\/10\/IMG_20221019_150337-768x434.jpg 768w, https:\/\/modellflieger.info\/wp-content\/uploads\/2024\/10\/IMG_20221019_150337-1536x867.jpg 1536w, https:\/\/modellflieger.info\/wp-content\/uploads\/2024\/10\/IMG_20221019_150337-2048x1156.jpg 2048w\" sizes=\"auto, (max-width: 1024px) 100vw, 1024px\" \/><\/figure>\n\n\n\n<figure class=\"wp-block-image size-large\"><img loading=\"lazy\" decoding=\"async\" width=\"1024\" height=\"578\" data-id=\"584\" src=\"https:\/\/modellflieger.info\/wp-content\/uploads\/2024\/10\/c4b118ff-5c12-4bc5-9a71-bbc0bde1459b-1024x578.jpg\" alt=\"\" class=\"wp-image-584\" srcset=\"https:\/\/modellflieger.info\/wp-content\/uploads\/2024\/10\/c4b118ff-5c12-4bc5-9a71-bbc0bde1459b-1024x578.jpg 1024w, https:\/\/modellflieger.info\/wp-content\/uploads\/2024\/10\/c4b118ff-5c12-4bc5-9a71-bbc0bde1459b-300x169.jpg 300w, https:\/\/modellflieger.info\/wp-content\/uploads\/2024\/10\/c4b118ff-5c12-4bc5-9a71-bbc0bde1459b-768x434.jpg 768w, https:\/\/modellflieger.info\/wp-content\/uploads\/2024\/10\/c4b118ff-5c12-4bc5-9a71-bbc0bde1459b-1536x867.jpg 1536w, https:\/\/modellflieger.info\/wp-content\/uploads\/2024\/10\/c4b118ff-5c12-4bc5-9a71-bbc0bde1459b.jpg 1984w\" sizes=\"auto, (max-width: 1024px) 100vw, 1024px\" \/><\/figure>\n\n\n\n<figure class=\"wp-block-image size-large\"><img loading=\"lazy\" decoding=\"async\" width=\"1024\" height=\"578\" data-id=\"194\" src=\"https:\/\/modellflieger.info\/wp-content\/uploads\/2024\/09\/7_136-2011_06_05-356-1024x578.jpg\" alt=\"\" class=\"wp-image-194\" srcset=\"https:\/\/modellflieger.info\/wp-content\/uploads\/2024\/09\/7_136-2011_06_05-356-1024x578.jpg 1024w, https:\/\/modellflieger.info\/wp-content\/uploads\/2024\/09\/7_136-2011_06_05-356-300x169.jpg 300w, https:\/\/modellflieger.info\/wp-content\/uploads\/2024\/09\/7_136-2011_06_05-356-768x433.jpg 768w, https:\/\/modellflieger.info\/wp-content\/uploads\/2024\/09\/7_136-2011_06_05-356.jpg 1200w\" sizes=\"auto, (max-width: 1024px) 100vw, 1024px\" \/><\/figure>\n\n\n\n<figure class=\"wp-block-image size-large\"><img loading=\"lazy\" decoding=\"async\" width=\"1024\" height=\"578\" data-id=\"197\" src=\"https:\/\/modellflieger.info\/wp-content\/uploads\/2024\/09\/DSC05196-1024x578.jpg\" alt=\"\" class=\"wp-image-197\" srcset=\"https:\/\/modellflieger.info\/wp-content\/uploads\/2024\/09\/DSC05196-1024x578.jpg 1024w, https:\/\/modellflieger.info\/wp-content\/uploads\/2024\/09\/DSC05196-300x169.jpg 300w, https:\/\/modellflieger.info\/wp-content\/uploads\/2024\/09\/DSC05196-768x433.jpg 768w, https:\/\/modellflieger.info\/wp-content\/uploads\/2024\/09\/DSC05196.jpg 1200w\" sizes=\"auto, (max-width: 1024px) 100vw, 1024px\" \/><\/figure>\n\n\n\n<figure class=\"wp-block-image size-large\"><img loading=\"lazy\" decoding=\"async\" width=\"1024\" height=\"578\" data-id=\"210\" src=\"https:\/\/modellflieger.info\/wp-content\/uploads\/2024\/09\/050-2012_05_01-0077-1024x578.jpg\" alt=\"\" class=\"wp-image-210\" srcset=\"https:\/\/modellflieger.info\/wp-content\/uploads\/2024\/09\/050-2012_05_01-0077-1024x578.jpg 1024w, https:\/\/modellflieger.info\/wp-content\/uploads\/2024\/09\/050-2012_05_01-0077-300x169.jpg 300w, https:\/\/modellflieger.info\/wp-content\/uploads\/2024\/09\/050-2012_05_01-0077-768x433.jpg 768w, https:\/\/modellflieger.info\/wp-content\/uploads\/2024\/09\/050-2012_05_01-0077.jpg 1200w\" sizes=\"auto, (max-width: 1024px) 100vw, 1024px\" \/><\/figure>\n\n\n\n<figure class=\"wp-block-image size-large\"><img loading=\"lazy\" decoding=\"async\" width=\"1024\" height=\"577\" data-id=\"667\" src=\"https:\/\/modellflieger.info\/wp-content\/uploads\/2024\/10\/05-dsc03153-1024x577.jpg\" alt=\"\" class=\"wp-image-667\" srcset=\"https:\/\/modellflieger.info\/wp-content\/uploads\/2024\/10\/05-dsc03153-1024x577.jpg 1024w, https:\/\/modellflieger.info\/wp-content\/uploads\/2024\/10\/05-dsc03153-300x169.jpg 300w, https:\/\/modellflieger.info\/wp-content\/uploads\/2024\/10\/05-dsc03153-768x432.jpg 768w, https:\/\/modellflieger.info\/wp-content\/uploads\/2024\/10\/05-dsc03153-1536x865.jpg 1536w, https:\/\/modellflieger.info\/wp-content\/uploads\/2024\/10\/05-dsc03153.jpg 1600w\" sizes=\"auto, (max-width: 1024px) 100vw, 1024px\" \/><\/figure>\n\n\n\n<figure class=\"wp-block-image size-large\"><img loading=\"lazy\" decoding=\"async\" width=\"576\" height=\"1024\" data-id=\"645\" src=\"https:\/\/modellflieger.info\/wp-content\/uploads\/2024\/10\/66930fe3-838d-4269-b233-014838969315-576x1024.jpg\" alt=\"\" class=\"wp-image-645\" srcset=\"https:\/\/modellflieger.info\/wp-content\/uploads\/2024\/10\/66930fe3-838d-4269-b233-014838969315-576x1024.jpg 576w, https:\/\/modellflieger.info\/wp-content\/uploads\/2024\/10\/66930fe3-838d-4269-b233-014838969315-169x300.jpg 169w, https:\/\/modellflieger.info\/wp-content\/uploads\/2024\/10\/66930fe3-838d-4269-b233-014838969315-768x1365.jpg 768w, https:\/\/modellflieger.info\/wp-content\/uploads\/2024\/10\/66930fe3-838d-4269-b233-014838969315-864x1536.jpg 864w, https:\/\/modellflieger.info\/wp-content\/uploads\/2024\/10\/66930fe3-838d-4269-b233-014838969315.jpg 1152w\" sizes=\"auto, (max-width: 576px) 100vw, 576px\" \/><\/figure>\n\n\n\n<figure class=\"wp-block-image size-large\"><img loading=\"lazy\" decoding=\"async\" width=\"1024\" height=\"577\" data-id=\"643\" src=\"https:\/\/modellflieger.info\/wp-content\/uploads\/2024\/10\/6e374bd1-5b1a-47b9-a515-79aa84564e2e-1-1024x577.jpg\" alt=\"\" class=\"wp-image-643\" srcset=\"https:\/\/modellflieger.info\/wp-content\/uploads\/2024\/10\/6e374bd1-5b1a-47b9-a515-79aa84564e2e-1-1024x577.jpg 1024w, https:\/\/modellflieger.info\/wp-content\/uploads\/2024\/10\/6e374bd1-5b1a-47b9-a515-79aa84564e2e-1-300x169.jpg 300w, https:\/\/modellflieger.info\/wp-content\/uploads\/2024\/10\/6e374bd1-5b1a-47b9-a515-79aa84564e2e-1-768x432.jpg 768w, https:\/\/modellflieger.info\/wp-content\/uploads\/2024\/10\/6e374bd1-5b1a-47b9-a515-79aa84564e2e-1-1536x865.jpg 1536w, https:\/\/modellflieger.info\/wp-content\/uploads\/2024\/10\/6e374bd1-5b1a-47b9-a515-79aa84564e2e-1-2048x1153.jpg 2048w\" sizes=\"auto, (max-width: 1024px) 100vw, 1024px\" \/><\/figure>\n\n\n\n<figure class=\"wp-block-image size-large\"><img loading=\"lazy\" decoding=\"async\" width=\"1024\" height=\"768\" data-id=\"902\" src=\"https:\/\/modellflieger.info\/wp-content\/uploads\/2024\/11\/p1110611-1024x768.jpg\" alt=\"\" class=\"wp-image-902\" srcset=\"https:\/\/modellflieger.info\/wp-content\/uploads\/2024\/11\/p1110611-1024x768.jpg 1024w, https:\/\/modellflieger.info\/wp-content\/uploads\/2024\/11\/p1110611-300x225.jpg 300w, https:\/\/modellflieger.info\/wp-content\/uploads\/2024\/11\/p1110611-768x576.jpg 768w, https:\/\/modellflieger.info\/wp-content\/uploads\/2024\/11\/p1110611.jpg 1200w\" sizes=\"auto, (max-width: 1024px) 100vw, 1024px\" \/><\/figure>\n\n\n\n<figure class=\"wp-block-image size-large\"><img loading=\"lazy\" decoding=\"async\" width=\"1024\" height=\"577\" data-id=\"585\" src=\"https:\/\/modellflieger.info\/wp-content\/uploads\/2024\/10\/DSC_5815-1024x577.jpg\" alt=\"\" class=\"wp-image-585\" srcset=\"https:\/\/modellflieger.info\/wp-content\/uploads\/2024\/10\/DSC_5815-1024x577.jpg 1024w, https:\/\/modellflieger.info\/wp-content\/uploads\/2024\/10\/DSC_5815-300x169.jpg 300w, https:\/\/modellflieger.info\/wp-content\/uploads\/2024\/10\/DSC_5815-768x433.jpg 768w, https:\/\/modellflieger.info\/wp-content\/uploads\/2024\/10\/DSC_5815-1536x865.jpg 1536w, https:\/\/modellflieger.info\/wp-content\/uploads\/2024\/10\/DSC_5815-2048x1154.jpg 2048w\" sizes=\"auto, (max-width: 1024px) 100vw, 1024px\" \/><\/figure>\n\n\n\n<figure class=\"wp-block-image size-large\"><img loading=\"lazy\" decoding=\"async\" width=\"1024\" height=\"576\" data-id=\"583\" src=\"https:\/\/modellflieger.info\/wp-content\/uploads\/2024\/10\/92c8ee42-32c0-4298-b946-5cc2ff17fbfb-1024x576.jpg\" alt=\"\" class=\"wp-image-583\" srcset=\"https:\/\/modellflieger.info\/wp-content\/uploads\/2024\/10\/92c8ee42-32c0-4298-b946-5cc2ff17fbfb-1024x576.jpg 1024w, https:\/\/modellflieger.info\/wp-content\/uploads\/2024\/10\/92c8ee42-32c0-4298-b946-5cc2ff17fbfb-300x169.jpg 300w, https:\/\/modellflieger.info\/wp-content\/uploads\/2024\/10\/92c8ee42-32c0-4298-b946-5cc2ff17fbfb-768x432.jpg 768w, https:\/\/modellflieger.info\/wp-content\/uploads\/2024\/10\/92c8ee42-32c0-4298-b946-5cc2ff17fbfb-1536x864.jpg 1536w, https:\/\/modellflieger.info\/wp-content\/uploads\/2024\/10\/92c8ee42-32c0-4298-b946-5cc2ff17fbfb.jpg 2048w\" sizes=\"auto, (max-width: 1024px) 100vw, 1024px\" \/><\/figure>\n<\/figure>\n","protected":false},"excerpt":{"rendered":"<p>Bevor man sich f\u00fcr das Hobby Modellflug entscheidet, sollte man sich selbstverst\u00e4ndlich auch \u00fcber die Voraussetzungen informieren. Hierzu m\u00f6chten wir einige Hinweise an Interessenten geben. Zur Person (Altersbestimmungen)Die Altersfreigaben auf vom DMFV ausgewiesenen Modellfluggel\u00e4nden mit Aufstiegserlaubnis sind wie folgt: Startgewicht0 \u2013 2 kg: Kein Mindestalter2 \u2013 25 kg: 12 Jahre (ohne Aufsicht bei Alleinflugerlaubnis des [&hellip;]<\/p>\n","protected":false},"author":1,"featured_media":0,"parent":58,"menu_order":0,"comment_status":"closed","ping_status":"closed","template":"","meta":{"footnotes":""},"class_list":["post-536","page","type-page","status-publish","hentry"],"_links":{"self":[{"href":"https:\/\/modellflieger.info\/index.php\/wp-json\/wp\/v2\/pages\/536","targetHints":{"allow":["GET"]}}],"collection":[{"href":"https:\/\/modellflieger.info\/index.php\/wp-json\/wp\/v2\/pages"}],"about":[{"href":"https:\/\/modellflieger.info\/index.php\/wp-json\/wp\/v2\/types\/page"}],"author":[{"embeddable":true,"href":"https:\/\/modellflieger.info\/index.php\/wp-json\/wp\/v2\/users\/1"}],"replies":[{"embeddable":true,"href":"https:\/\/modellflieger.info\/index.php\/wp-json\/wp\/v2\/comments?post=536"}],"version-history":[{"count":14,"href":"https:\/\/modellflieger.info\/index.php\/wp-json\/wp\/v2\/pages\/536\/revisions"}],"predecessor-version":[{"id":910,"href":"https:\/\/modellflieger.info\/index.php\/wp-json\/wp\/v2\/pages\/536\/revisions\/910"}],"up":[{"embeddable":true,"href":"https:\/\/modellflieger.info\/index.php\/wp-json\/wp\/v2\/pages\/58"}],"wp:attachment":[{"href":"https:\/\/modellflieger.info\/index.php\/wp-json\/wp\/v2\/media?parent=536"}],"curies":[{"name":"wp","href":"https:\/\/api.w.org\/{rel}","templated":true}]}}