{"id":542,"date":"2024-10-02T13:45:27","date_gmt":"2024-10-02T11:45:27","guid":{"rendered":"https:\/\/preweb.modellflieger.info\/?page_id=542"},"modified":"2025-02-17T19:29:24","modified_gmt":"2025-02-17T18:29:24","slug":"mitglied-werden","status":"publish","type":"page","link":"https:\/\/modellflieger.info\/index.php\/entdecken\/mitglied-werden\/","title":{"rendered":"Mitglied werden"},"content":{"rendered":"\n<p>Wir nehmen gerne neue Mitglieder auf. Nachfolgend einige Punkte zur Mitgliedschaft:<\/p>\n\n\n\n<p>Der Mitgliedsbeitrag f\u00fcr Erwachsene liegt bei \u20ac70,&#8211; pro Jahr, Jugendliche \u20ac35,&#8211;<\/p>\n\n\n\n<p>Sch\u00fcler und Studenten bis 25 Jahre \u20ac45,&#8211;<\/p>\n\n\n\n<p>Es f\u00e4llt ein Aufnahmebeitrag in H\u00f6he von \u20ac100,&#8211; an (bei Erwachsenen).<br>Ggf. kommt die DMFV Mitgliedschaft (Versicherung) hinzu.<\/p>\n\n\n\n<p>Im ersten Jahr ist die Mitgliedschaft eine Probemitgliedschaft.<\/p>\n\n\n\n<p>Wir w\u00fcrden uns freuen, wenn wir neue Interessenten auf dem Flugplatz begr\u00fc\u00dfen k\u00f6nnen, um Sie kennen zu lernen<\/p>\n\n\n\n<p>Ein Aufnahmeantrag k\u00f6nnen Sie hier herunterladen, ausf\u00fcllen und an uns schicken.<\/p>\n\n\n\n<div class=\"wp-block-file\"><a id=\"wp-block-file--media-b883f6be-47aa-4065-8a08-a622d7ddeeb3\" href=\"https:\/\/modellflieger.info\/wp-content\/uploads\/2025\/02\/20250123_2_Aufnahmeantrag_ausfuellbar.pdf\" target=\"_blank\" rel=\"noreferrer noopener\">20250123_2_Aufnahmeantrag_ausf\u00fcllbar<\/a><a href=\"https:\/\/modellflieger.info\/wp-content\/uploads\/2025\/02\/20250123_2_Aufnahmeantrag_ausfuellbar.pdf\" class=\"wp-block-file__button wp-element-button\" download aria-describedby=\"wp-block-file--media-b883f6be-47aa-4065-8a08-a622d7ddeeb3\">Herunterladen<\/a><\/div>\n\n\n\n<p>Die Mitgliedschaft in der Luftsportgruppe Ravensburg beinhaltet auch automatisch eine Mitgliedschaft im Deutschen Modellfliegerverband e.V.<\/p>\n\n\n\n<p>Es besteht auch die M\u00f6glichkeit einer Probemitgliedschaft.<\/p>\n\n\n\n<p>Bitte beachtet auch die <a href=\"https:\/\/modellflieger.info\/index.php\/2023\/09\/27\/infos-fuer-neumitglieder\/\" target=\"_blank\" rel=\"noreferrer noopener\">Infos f\u00fcr Neumitglieder<\/a>. <\/p>\n\n\n\n<p><strong>MITGLIEDSCHAFT IM DMFV e. V.<\/strong><\/p>\n\n\n\n<p>Mitglied des DMFV e. V. kann jeder Modellflugverein oder Club in der Bundesrepublik Deutschland werden. Voraussetzung ist, da\u00df der Verein oder Club mindestens 7 Mitglieder beim DMFV meldet. Die Eintragung ins Vereinsregister (e. V.) ist keine Voraussetzung zur Aufnahme in den DMFV.<\/p>\n\n\n\n<p>Auch einzelne Personen k\u00f6nnen Mitglied im DMFV werden. Diese Form der Einzelmitgliedschaft ist m\u00f6glich, wenn ein Modellflugsportler keinem oder noch keinem Verein oder Club angeh\u00f6rt.<\/p>\n\n\n\n<p>F\u00fcr Einzelmitglieder und Vereinsmitglieder, die au\u00dferhalb des Vereinsrahmens ihr Modell privat zum Einsatz bringen, ist eine Zusatzversicherung mit einer weltweiten G\u00fcltigkeit zwingend vorgeschrieben.<\/p>\n\n\n\n<p>Nachzulesen sind die Infos auch direkt auf der Seite des DMFV e.V.:<\/p>\n\n\n\n<p><a href=\"https:\/\/www.dmfv.aero\/mitgliedschaft\/mitgliedsbeitraege\">https:\/\/www.dmfv.aero\/mitgliedschaft\/mitgliedsbeitraege<\/a><\/p>\n","protected":false},"excerpt":{"rendered":"<p>Wir nehmen gerne neue Mitglieder auf. Nachfolgend einige Punkte zur Mitgliedschaft: Der Mitgliedsbeitrag f\u00fcr Erwachsene liegt bei \u20ac70,&#8211; pro Jahr, Jugendliche \u20ac35,&#8211; Sch\u00fcler und Studenten bis 25 Jahre \u20ac45,&#8211; Es f\u00e4llt ein Aufnahmebeitrag in H\u00f6he von \u20ac100,&#8211; an (bei Erwachsenen).Ggf. kommt die DMFV Mitgliedschaft (Versicherung) hinzu. Im ersten Jahr ist die Mitgliedschaft eine Probemitgliedschaft. Wir [&hellip;]<\/p>\n","protected":false},"author":1,"featured_media":0,"parent":58,"menu_order":0,"comment_status":"closed","ping_status":"closed","template":"","meta":{"footnotes":""},"class_list":["post-542","page","type-page","status-publish","hentry"],"_links":{"self":[{"href":"https:\/\/modellflieger.info\/index.php\/wp-json\/wp\/v2\/pages\/542","targetHints":{"allow":["GET"]}}],"collection":[{"href":"https:\/\/modellflieger.info\/index.php\/wp-json\/wp\/v2\/pages"}],"about":[{"href":"https:\/\/modellflieger.info\/index.php\/wp-json\/wp\/v2\/types\/page"}],"author":[{"embeddable":true,"href":"https:\/\/modellflieger.info\/index.php\/wp-json\/wp\/v2\/users\/1"}],"replies":[{"embeddable":true,"href":"https:\/\/modellflieger.info\/index.php\/wp-json\/wp\/v2\/comments?post=542"}],"version-history":[{"count":9,"href":"https:\/\/modellflieger.info\/index.php\/wp-json\/wp\/v2\/pages\/542\/revisions"}],"predecessor-version":[{"id":1007,"href":"https:\/\/modellflieger.info\/index.php\/wp-json\/wp\/v2\/pages\/542\/revisions\/1007"}],"up":[{"embeddable":true,"href":"https:\/\/modellflieger.info\/index.php\/wp-json\/wp\/v2\/pages\/58"}],"wp:attachment":[{"href":"https:\/\/modellflieger.info\/index.php\/wp-json\/wp\/v2\/media?parent=542"}],"curies":[{"name":"wp","href":"https:\/\/api.w.org\/{rel}","templated":true}]}}